{"id":99,"date":"2019-12-25T17:47:14","date_gmt":"2019-12-25T17:47:14","guid":{"rendered":"http:\/\/www.lesfilsdezouaves.fr\/tst1\/?page_id=99"},"modified":"2019-12-25T17:47:14","modified_gmt":"2019-12-25T17:47:14","slug":"moi-sage-tes-fou","status":"publish","type":"page","link":"http:\/\/kamel-zouaoui.fr\/?page_id=99","title":{"rendered":"Moi sage, t&rsquo;es fou !"},"content":{"rendered":"\n<div class=\"wp-block-image\"><figure class=\"aligncenter size-large is-resized\"><img loading=\"lazy\" decoding=\"async\" src=\"http:\/\/www.kamel-zouaoui.fr\/wp-content\/uploads\/2019\/12\/spectaclemjc-02-2015-1.jpg\" alt=\"\" class=\"wp-image-144\" width=\"236\" height=\"467\" srcset=\"http:\/\/kamel-zouaoui.fr\/wp-content\/uploads\/2019\/12\/spectaclemjc-02-2015-1.jpg 510w, http:\/\/kamel-zouaoui.fr\/wp-content\/uploads\/2019\/12\/spectaclemjc-02-2015-1-152x300.jpg 152w, http:\/\/kamel-zouaoui.fr\/wp-content\/uploads\/2019\/12\/spectaclemjc-02-2015-1-230x455.jpg 230w, http:\/\/kamel-zouaoui.fr\/wp-content\/uploads\/2019\/12\/spectaclemjc-02-2015-1-350x692.jpg 350w, http:\/\/kamel-zouaoui.fr\/wp-content\/uploads\/2019\/12\/spectaclemjc-02-2015-1-480x949.jpg 480w\" sizes=\"(max-width: 236px) 100vw, 236px\" \/><\/figure><\/div>\n\n\n\n<p><a href=\"http:\/\/www.kamel-zouaoui.fr.fr\/nasredine-le-hodja--moi-sage--t-es-fou-.html\">&nbsp;<\/a>\u00ab\u00a0Moi sage, t&rsquo;es fou !\u00a0\u00bb&nbsp;est le troisi\u00e8me volet de la trilogie Nasredine<\/p>\n\n\n\n<p>Farouk, le fils de Nasredine, vient d&rsquo;avoir 16 ans, l\u2019Age du mariage !<\/p>\n\n\n\n<p>Par tradition et par d\u00e9cret royal, Farouk devra \u00e9pouser Fissa (fille de Latifa la Jalouse et du Fain\u00e9ant Mounir)<\/p>\n\n\n\n<p>En digne fils de son p\u00e8re, Farouk va tenter de changer \u00ab\u00a0l&rsquo;ordre \u00e9tablit\u00a0\u00bb &#8230;sur fond de sagesses et malices de Nasredine, y parviendra-t-il? \u00ab\u00a0<\/p>\n\n\n\n<p>Ce spectacle a \u00e9t\u00e9 initialement cr\u00e9\u00e9 en r\u00e9sidence au Centre Mandapa (Paris) \u00e0 l&rsquo;occasion du 26 \u00e8me Festival des contes d\u2019Hiver, en Janvier 2014.<\/p>\n\n\n\n<p>Kamel Zouaoui d\u00e9cide ensuite, d&rsquo;en confier la mise en sc\u00e8ne \u00e0 Jean Poirson, marionnettiste de talent qui s\u00e9vit dans le monde de la marionnette pour adulte, afin de prolonger le plaisir de leur rencontre d\u00e9marr\u00e9e \u00e0 l&rsquo;occasion du Festival Off d&rsquo;Avignon 2012 ou ils furent victimes d&rsquo;un coup de foudre professionnel r\u00e9ciproque !<\/p>\n\n\n\n<p>Sans d\u00e9naturer la spontan\u00e9it\u00e9 et la libert\u00e9 du travail de conteur, Jean Poirson apporte \u00e0 ce conte une int\u00e9ressante forme de stylisation dans le jeu, provenant de sa pratique de la marionnette et du th\u00e9\u00e2tre d\u2019Objet.<\/p>\n\n\n\n<p>Ce spectacle a re\u00e7u le soutien financier de la R\u00e9gion Lorraine et \u00e9t\u00e9 cr\u00e9\u00e9 par les compagnies \u00ab\u00a0Coup de Th\u00e9\u00e2tre \u00a0\u00bb et \u00ab\u00a0Les fils de Zouaves\u00a0\u00bb en coproduction avec le Th\u00e9\u00e2tre Tangente Vardar<\/p>\n\n\n\n<p>Il a \u00e9t\u00e9 cont\u00e9 une dizaine de fois depuis Janvier 2015, en \u00eele de France et en r\u00e9gion Lorraine.<\/p>\n","protected":false},"excerpt":{"rendered":"<p>&nbsp;\u00ab\u00a0Moi sage, t&rsquo;es fou !\u00a0\u00bb&nbsp;est le troisi\u00e8me volet de la trilogie Nasredine Farouk, le fils de Nasredine, vient d&rsquo;avoir 16 ans, l\u2019Age du mariage ! Par tradition et par d\u00e9cret royal, Farouk devra \u00e9pouser Fissa (fille de Latifa la Jalouse et du Fain\u00e9ant Mounir) En digne fils de son p\u00e8re, Farouk va tenter de changer [&hellip;]<\/p>\n","protected":false},"author":1,"featured_media":0,"parent":0,"menu_order":0,"comment_status":"closed","ping_status":"closed","template":"","meta":{"footnotes":""},"_links":{"self":[{"href":"http:\/\/kamel-zouaoui.fr\/index.php?rest_route=\/wp\/v2\/pages\/99"}],"collection":[{"href":"http:\/\/kamel-zouaoui.fr\/index.php?rest_route=\/wp\/v2\/pages"}],"about":[{"href":"http:\/\/kamel-zouaoui.fr\/index.php?rest_route=\/wp\/v2\/types\/page"}],"author":[{"embeddable":true,"href":"http:\/\/kamel-zouaoui.fr\/index.php?rest_route=\/wp\/v2\/users\/1"}],"replies":[{"embeddable":true,"href":"http:\/\/kamel-zouaoui.fr\/index.php?rest_route=%2Fwp%2Fv2%2Fcomments&post=99"}],"version-history":[{"count":0,"href":"http:\/\/kamel-zouaoui.fr\/index.php?rest_route=\/wp\/v2\/pages\/99\/revisions"}],"wp:attachment":[{"href":"http:\/\/kamel-zouaoui.fr\/index.php?rest_route=%2Fwp%2Fv2%2Fmedia&parent=99"}],"curies":[{"name":"wp","href":"https:\/\/api.w.org\/{rel}","templated":true}]}}