{"id":98,"date":"2019-12-25T17:47:14","date_gmt":"2019-12-25T17:47:14","guid":{"rendered":"http:\/\/www.lesfilsdezouaves.fr\/tst1\/?page_id=98"},"modified":"2019-12-25T17:47:14","modified_gmt":"2019-12-25T17:47:14","slug":"nest-pas-fou-qui-veut-ou-quelques-aventures-de-nasredine-le-hodja","status":"publish","type":"page","link":"http:\/\/kamel-zouaoui.fr\/?page_id=98","title":{"rendered":"N&rsquo;est pas fou qui veut ou quelques aventures de Nasredine Le Hodja"},"content":{"rendered":"\n<div class=\"wp-block-image\"><figure class=\"aligncenter\"><a href=\"http:\/\/www.kamel-zouaoui.fr.fr\/nasredine-le-hodja--n-est-pas-fou-qui-veut.html\"><img decoding=\"async\" src=\"http:\/\/www.kamel-zouaoui.fr.fr\/images\/n-est%20pas%20fou%20qui%20veut.jpg?crc=4219141615\" alt=\"\"\/><\/a><\/figure><\/div>\n\n\n\n<p>\u00ab\u00a0N&rsquo;est pas fou qui veut \u00a0\u00bb&nbsp;est le deuxi\u00e8me volet de la trilogie Nasredine<\/p>\n\n\n\n<p>Dans ce spectacle, Kamel Zouaoui provoque la rencontre entre la sagesse et la folie de Nasredine, deux facettes du personnage, au travers d&rsquo;une amicale joute oratoire entre Khadidja et Latifa.<\/p>\n\n\n\n<p>Khadija (l&rsquo;\u00e9pouse de Nasredine) et Latifa la jalouse voisine se retrouvent comme \u00e0 leur habitude pour converser et tisser un r\u00e9cit sur les aventures de Nasredine le Hodja! Chacune \u00e0 son tour tente de convaincre l&rsquo;autre de la pr\u00e9tendue folie ou sagesse de ce personnage dont on connait encore les fac\u00e9ties, comme si vous y \u00e9tiez.<\/p>\n\n\n\n<p>En campant ces deux personnages f\u00e9minins n\u00e9s dans le premier volet, Kamel Zouaoui, nous invite \u00e0 vivre un conte dans le conte et offre aux oreilles et aux \u00e2mes, d&rsquo;entendre quelques aventures du Fameux Nasredine sous un angle nouveau.<\/p>\n\n\n\n<p>Ce spectacle a \u00e9t\u00e9 cr\u00e9\u00e9 pour le festival Off d&rsquo;Avignon 2012 et a fait l&rsquo;objet d&rsquo;une cor\u00e9alisation entre la Compagnie \u00ab\u00a0Les fils de Zouaves \u00a0\u00bb et \u00ab\u00a0Tucumcari Project\u00a0\u00bb.<\/p>\n\n\n\n<p>Il a \u00e9t\u00e9 pr\u00e9sent\u00e9 120 fois en France et au Maghreb, dur\u00e9e 65 minutes, peut \u00eatre cont\u00e9 avec ou sans musicien.<\/p>\n","protected":false},"excerpt":{"rendered":"<p>\u00ab\u00a0N&rsquo;est pas fou qui veut \u00a0\u00bb&nbsp;est le deuxi\u00e8me volet de la trilogie Nasredine Dans ce spectacle, Kamel Zouaoui provoque la rencontre entre la sagesse et la folie de Nasredine, deux facettes du personnage, au travers d&rsquo;une amicale joute oratoire entre Khadidja et Latifa. Khadija (l&rsquo;\u00e9pouse de Nasredine) et Latifa la jalouse voisine se retrouvent comme [&hellip;]<\/p>\n","protected":false},"author":1,"featured_media":0,"parent":0,"menu_order":0,"comment_status":"closed","ping_status":"closed","template":"","meta":{"footnotes":""},"_links":{"self":[{"href":"http:\/\/kamel-zouaoui.fr\/index.php?rest_route=\/wp\/v2\/pages\/98"}],"collection":[{"href":"http:\/\/kamel-zouaoui.fr\/index.php?rest_route=\/wp\/v2\/pages"}],"about":[{"href":"http:\/\/kamel-zouaoui.fr\/index.php?rest_route=\/wp\/v2\/types\/page"}],"author":[{"embeddable":true,"href":"http:\/\/kamel-zouaoui.fr\/index.php?rest_route=\/wp\/v2\/users\/1"}],"replies":[{"embeddable":true,"href":"http:\/\/kamel-zouaoui.fr\/index.php?rest_route=%2Fwp%2Fv2%2Fcomments&post=98"}],"version-history":[{"count":0,"href":"http:\/\/kamel-zouaoui.fr\/index.php?rest_route=\/wp\/v2\/pages\/98\/revisions"}],"wp:attachment":[{"href":"http:\/\/kamel-zouaoui.fr\/index.php?rest_route=%2Fwp%2Fv2%2Fmedia&parent=98"}],"curies":[{"name":"wp","href":"https:\/\/api.w.org\/{rel}","templated":true}]}}