{"id":454,"date":"2019-12-27T18:09:51","date_gmt":"2019-12-27T18:09:51","guid":{"rendered":"http:\/\/www.kamel-zouaoui.fr\/?page_id=454"},"modified":"2022-07-03T14:48:46","modified_gmt":"2022-07-03T14:48:46","slug":"arabie-saoudite","status":"publish","type":"page","link":"http:\/\/kamel-zouaoui.fr\/?page_id=454","title":{"rendered":"ARABIE SAOUDITE"},"content":{"rendered":"<div id=\"u18896\" class=\"clip_frame colelem\" data-muse-uid=\"U18896\" data-muse-type=\"img_frame\"><img decoding=\"async\" id=\"u18896_img\" class=\"block\" src=\"http:\/\/www.lesfilsdezouaves.fr\/test2\/images\/arabie%201.jpg?crc=3936944431\" alt=\"\" data-muse-src=\"images\/arabie%201.jpg?crc=3936944431\" data-image-width=\"511\" data-image-height=\"451\" \/><span id=\"u16886-8\"><img loading=\"lazy\" decoding=\"async\" class=\"alignnone wp-image-526\" src=\"http:\/\/kamel-zouaoui.fr\/wp-content\/uploads\/2022\/07\/arabie-1-300x265.jpg\" alt=\"\" width=\"473\" height=\"418\" srcset=\"http:\/\/kamel-zouaoui.fr\/wp-content\/uploads\/2022\/07\/arabie-1-300x265.jpg 300w, http:\/\/kamel-zouaoui.fr\/wp-content\/uploads\/2022\/07\/arabie-1-230x203.jpg 230w, http:\/\/kamel-zouaoui.fr\/wp-content\/uploads\/2022\/07\/arabie-1-350x309.jpg 350w, http:\/\/kamel-zouaoui.fr\/wp-content\/uploads\/2022\/07\/arabie-1-480x424.jpg 480w, http:\/\/kamel-zouaoui.fr\/wp-content\/uploads\/2022\/07\/arabie-1.jpg 640w\" sizes=\"(max-width: 473px) 100vw, 473px\" \/><\/span><\/div>\n<div data-muse-uid=\"U18896\" data-muse-type=\"img_frame\"><\/div>\n<div data-muse-uid=\"U18896\" data-muse-type=\"img_frame\"><\/div>\n<div data-muse-uid=\"U18896\" data-muse-type=\"img_frame\"><\/div>\n<div data-muse-uid=\"U18896\" data-muse-type=\"img_frame\"><strong><span id=\"u16886\">18 Mars 2016<\/span>\u00a0&#8211; 23:37 (Paris) \/ 01:37 (AL khobar)<\/strong><\/div>\n<div id=\"u16886-212\" class=\"clearfix colelem\" data-muse-uid=\"U16886\" data-muse-type=\"txt_frame\">\n<p>Apres 5h21 de vol me voici arriv\u00e9 en Arabie Saoudite, le pays des\u00ab hommes en blancs et des femmes en noirs\u00bb. Apres une rapide escale \u00e0 Riyad, je repris la route des airs pour atterrir 39 minutes plus tard \u00e0 Dammam.<\/p>\n<p><span id=\"u16886-8\">\u200b<img loading=\"lazy\" decoding=\"async\" class=\"alignnone wp-image-527\" src=\"http:\/\/kamel-zouaoui.fr\/wp-content\/uploads\/2022\/07\/arabie-2-300x136.jpg\" alt=\"\" width=\"679\" height=\"308\" srcset=\"http:\/\/kamel-zouaoui.fr\/wp-content\/uploads\/2022\/07\/arabie-2-300x136.jpg 300w, http:\/\/kamel-zouaoui.fr\/wp-content\/uploads\/2022\/07\/arabie-2-230x105.jpg 230w, http:\/\/kamel-zouaoui.fr\/wp-content\/uploads\/2022\/07\/arabie-2-350x159.jpg 350w, http:\/\/kamel-zouaoui.fr\/wp-content\/uploads\/2022\/07\/arabie-2-480x218.jpg 480w, http:\/\/kamel-zouaoui.fr\/wp-content\/uploads\/2022\/07\/arabie-2.jpg 603w\" sizes=\"(max-width: 679px) 100vw, 679px\" \/><\/span><\/p>\n<p id=\"u16886-13\">Ensuite c est en voiture que j ai parcouru l&rsquo;heure de trajet qui me s\u00e9parait de AL khobar o\u00f9 je vais passer la semaine avec les \u00e9l\u00e8ves du Lyc\u00e9e Fran\u00e7ais dans le cadre de la f\u00eate de la Francophonie&#8230;. on va parler conte pendant une semaine !!!<\/p>\n<p id=\"u16886-16\">Puis j irai rencontrer les \u00e9l\u00e8ves du Lyc\u00e9e Fran\u00e7ais de Djeddah et retrouver mon ami Willy Bertin qui est \u00e0 l origine de cette belle aventure d\u00e9marr\u00e9e l an pass\u00e9 !<\/p>\n<p id=\"u16886-19\">Pour le reste on verra, inchallah!@<\/p>\n<p id=\"u16886-23\"><strong><span id=\"u16886-21\">19 Mars 2016<\/span>\u00a0&#8211; 17:37 (Paris) \/ 19:37 (AL khobar)<\/strong><\/p>\n<p id=\"u16886-26\">Ma premi\u00e8re journ\u00e9e \u00e0 Al Khobar se termine.<\/p>\n<p id=\"u16886-29\">J&rsquo;ai retrouv\u00e9 Hussein et sa famille que j&rsquo;avais rencontr\u00e9e l&rsquo;an pass\u00e9 lors de ma premi\u00e8re venue ici . Il est enseignant et a \u00e9t\u00e9 porteur dans son \u00e9tablissement de ce projet conte.<\/p>\n<p id=\"u16886-32\">Nous nous sommes tous r\u00e9unis avec son groupe d&rsquo;amis originaires d&rsquo;Alg\u00e9rie du Maroc , d&rsquo;\u00c9gypte qui sont venus travailler dans le secteur p\u00e9trolier et dans les \u00e9coles. Sur une plage priv\u00e9e, fr\u00e9quent\u00e9e par les familles expatri\u00e9s, nous avons pass\u00e9 une sereine apr\u00e8s midi d \u00e9change et de pr\u00e9paration de cette semaine qui s annonce riche&#8230;.les \u00e9l\u00e8ves attendent le conteur&#8230;et leurs parents aussi&#8230;. Courage, contons !<\/p>\n<p><img loading=\"lazy\" decoding=\"async\" class=\"alignnone wp-image-528\" src=\"http:\/\/kamel-zouaoui.fr\/wp-content\/uploads\/2022\/07\/arabie-3-300x210.jpg\" alt=\"\" width=\"724\" height=\"507\" srcset=\"http:\/\/kamel-zouaoui.fr\/wp-content\/uploads\/2022\/07\/arabie-3-300x210.jpg 300w, http:\/\/kamel-zouaoui.fr\/wp-content\/uploads\/2022\/07\/arabie-3-230x161.jpg 230w, http:\/\/kamel-zouaoui.fr\/wp-content\/uploads\/2022\/07\/arabie-3-350x245.jpg 350w, http:\/\/kamel-zouaoui.fr\/wp-content\/uploads\/2022\/07\/arabie-3-480x336.jpg 480w, http:\/\/kamel-zouaoui.fr\/wp-content\/uploads\/2022\/07\/arabie-3.jpg 591w\" sizes=\"(max-width: 724px) 100vw, 724px\" \/><\/p>\n<p id=\"u16886-37\"><span id=\"u16886-34\">\u200b<\/span><span id=\"u16886-36\"><\/span>\u00absalle de bain pour marin qui aurait perdu sa lanterne ! \u00bb Pas mal pour regarder les Verts&#8230;<\/p>\n<p id=\"u16886-45\"><img loading=\"lazy\" decoding=\"async\" class=\"alignnone wp-image-529\" src=\"http:\/\/kamel-zouaoui.fr\/wp-content\/uploads\/2022\/07\/arabie-4-209x300.jpg\" alt=\"\" width=\"479\" height=\"688\" srcset=\"http:\/\/kamel-zouaoui.fr\/wp-content\/uploads\/2022\/07\/arabie-4-209x300.jpg 209w, http:\/\/kamel-zouaoui.fr\/wp-content\/uploads\/2022\/07\/arabie-4-713x1024.jpg 713w, http:\/\/kamel-zouaoui.fr\/wp-content\/uploads\/2022\/07\/arabie-4-230x330.jpg 230w, http:\/\/kamel-zouaoui.fr\/wp-content\/uploads\/2022\/07\/arabie-4-350x502.jpg 350w, http:\/\/kamel-zouaoui.fr\/wp-content\/uploads\/2022\/07\/arabie-4-480x689.jpg 480w, http:\/\/kamel-zouaoui.fr\/wp-content\/uploads\/2022\/07\/arabie-4.jpg 744w\" sizes=\"(max-width: 479px) 100vw, 479px\" \/><\/p>\n<p id=\"u16886-49\"><span id=\"u16886-47\">20 Mars 2016<\/span>\u00a0&#8211; 16:20(Paris) \/ 18:20 (AL khobar)<\/p>\n<p id=\"u16886-52\">La semaine de la Francophonie &#8230;c&rsquo;est parti !<\/p>\n<p id=\"u16886-55\">La Marseillaise a retenti \u00e0 7h30 du matin (5h30 heure fran\u00e7aise) dans la cour du Lyc\u00e9e .<\/p>\n<p id=\"u16886-58\">C&rsquo;est l&rsquo; heure de d\u00e9but des cours dans cet \u00e9tablissement scolaire fran\u00e7ais d\u00e9pos\u00e9 sur un bout de d\u00e9sert p\u00e9trolif\u00e8re d&rsquo;Arabie juste en face de Bahre\u00efn.<\/p>\n<p id=\"u16886-61\">Le proviseur ,apr\u00e8s quelques mots forts et universalistes annonce le programme de la semaine et les profs viennent me saluer et me souhaiter la bienvenue&#8230; Certains \u00e9l\u00e8ves \u00e9galement viennent vers moi avec leurs souvenirs des contes partag\u00e9s l &lsquo;an pass\u00e9 &#8230; Ce bel accueil m&rsquo;honore et me donne le trac&#8230;<\/p>\n<p id=\"u16886-64\">Mon arriv\u00e9e a \u00e9t\u00e9 bien pr\u00e9par\u00e9e, les \u00e9l\u00e8ves ont pr\u00e9par\u00e9 des contes , les enseignants ont jou\u00e9 le jeu&#8230;\u00c7a donne envie d&rsquo;\u00eatre \u00e0 la hauteur&#8230; on va pouvoir faire du conte et de la p\u00e9dagogie dans de bonnes conditions.. trop bien !<\/p>\n<p id=\"u16886-67\">Cette premi\u00e8re journ\u00e9e a \u00e9t\u00e9 riche, entre ateliers d&rsquo;\u00e9criture et moments de contes, j ai trouv\u00e9 les \u00e9l\u00e8ves enthousiastes et \u00e0 l&rsquo;\u00e9coute&#8230; J&rsquo; ai m\u00eame \u00abtap\u00e9 un foot\u00bb \u00e0 la r\u00e9cr\u00e9 avec un groupe de filles et gar\u00e7ons de 4\u00e8me.<\/p>\n<p id=\"u16886-72\"><span id=\"u16886-69\">\u200b<img loading=\"lazy\" decoding=\"async\" class=\"alignnone wp-image-530\" src=\"http:\/\/kamel-zouaoui.fr\/wp-content\/uploads\/2022\/07\/arabie-5-300x168.jpg\" alt=\"\" width=\"736\" height=\"412\" srcset=\"http:\/\/kamel-zouaoui.fr\/wp-content\/uploads\/2022\/07\/arabie-5-300x168.jpg 300w, http:\/\/kamel-zouaoui.fr\/wp-content\/uploads\/2022\/07\/arabie-5-230x129.jpg 230w, http:\/\/kamel-zouaoui.fr\/wp-content\/uploads\/2022\/07\/arabie-5-350x196.jpg 350w, http:\/\/kamel-zouaoui.fr\/wp-content\/uploads\/2022\/07\/arabie-5-480x269.jpg 480w, http:\/\/kamel-zouaoui.fr\/wp-content\/uploads\/2022\/07\/arabie-5.jpg 599w\" sizes=\"(max-width: 736px) 100vw, 736px\" \/> <\/span><\/p>\n<p><img loading=\"lazy\" decoding=\"async\" class=\"alignnone wp-image-531\" src=\"http:\/\/kamel-zouaoui.fr\/wp-content\/uploads\/2022\/07\/arabie-6-300x168.jpg\" alt=\"\" width=\"732\" height=\"410\" srcset=\"http:\/\/kamel-zouaoui.fr\/wp-content\/uploads\/2022\/07\/arabie-6-300x168.jpg 300w, http:\/\/kamel-zouaoui.fr\/wp-content\/uploads\/2022\/07\/arabie-6-768x431.jpg 768w, http:\/\/kamel-zouaoui.fr\/wp-content\/uploads\/2022\/07\/arabie-6-830x466.jpg 830w, http:\/\/kamel-zouaoui.fr\/wp-content\/uploads\/2022\/07\/arabie-6-230x129.jpg 230w, http:\/\/kamel-zouaoui.fr\/wp-content\/uploads\/2022\/07\/arabie-6-350x197.jpg 350w, http:\/\/kamel-zouaoui.fr\/wp-content\/uploads\/2022\/07\/arabie-6-480x270.jpg 480w, http:\/\/kamel-zouaoui.fr\/wp-content\/uploads\/2022\/07\/arabie-6.jpg 960w\" sizes=\"(max-width: 732px) 100vw, 732px\" \/><\/p>\n<p id=\"u16886-77\"><span id=\"u16886-74\">\u200b<\/span><span id=\"u16886-76\"><\/span><\/p>\n<p>&nbsp;<\/p>\n<p id=\"u16886-81\"><span id=\"u16886-79\">21 Mars 2016<\/span>\u00a0&#8211; 16:27(Paris) \/ 18:27 (AL khobar)<\/p>\n<p id=\"u16886-84\">Aujourd&rsquo;hui c&rsquo;est le printemps, partout&#8230;sur les calendriers.<\/p>\n<p id=\"u16886-87\">Je continue mes rencontres avec les classes, les climatiseurs sont de la partie et les murs du Lyc\u00e9e vibrent du bruit des moteurs d&rsquo; avions qui s&rsquo;en vont la bas , plus loin, l\u00e0 ou il y a la guerre&#8230;<\/p>\n<p id=\"u16886-90\">Mes \u00e9changes avec les \u00e9l\u00e8ves sont riches, certains me demandent de lire leurs contes&#8230; d&rsquo;autres me parlent d&rsquo;eux , de leur regard sur le monde &#8230;deux jeunes filles, \u00e9gyptiennes, me disent leur fiert\u00e9 d&rsquo;\u00eatre amies&#8230;comme un espoir, un r\u00eave de devenir d&rsquo;adultes, l&rsquo;une est chr\u00e9tienne, l&rsquo;autre musulmane&#8230;<\/p>\n<p id=\"u16886-93\">J&rsquo;\u00e9coute, ces jeunes qui regardent le monde.<\/p>\n<p id=\"u16886-97\"><span id=\"u16886-95\">\u200b<img loading=\"lazy\" decoding=\"async\" class=\"alignnone wp-image-532\" src=\"http:\/\/kamel-zouaoui.fr\/wp-content\/uploads\/2022\/07\/arabie-7-238x300.jpg\" alt=\"\" width=\"726\" height=\"915\" srcset=\"http:\/\/kamel-zouaoui.fr\/wp-content\/uploads\/2022\/07\/arabie-7-238x300.jpg 238w, http:\/\/kamel-zouaoui.fr\/wp-content\/uploads\/2022\/07\/arabie-7-230x290.jpg 230w, http:\/\/kamel-zouaoui.fr\/wp-content\/uploads\/2022\/07\/arabie-7-350x442.jpg 350w, http:\/\/kamel-zouaoui.fr\/wp-content\/uploads\/2022\/07\/arabie-7-480x606.jpg 480w, http:\/\/kamel-zouaoui.fr\/wp-content\/uploads\/2022\/07\/arabie-7.jpg 761w\" sizes=\"(max-width: 726px) 100vw, 726px\" \/><\/span><\/p>\n<p id=\"u16886-101\"><span id=\"u16886-99\">22 Mars 2016<\/span>\u00a0&#8211; 05:32(Paris) \/ 07:32 (AL khobar)<\/p>\n<p id=\"u16886-106\"><span id=\"u16886-103\">\u200b<img loading=\"lazy\" decoding=\"async\" class=\"alignnone wp-image-533\" src=\"http:\/\/kamel-zouaoui.fr\/wp-content\/uploads\/2022\/07\/arabie-8-300x169.jpg\" alt=\"\" width=\"726\" height=\"409\" srcset=\"http:\/\/kamel-zouaoui.fr\/wp-content\/uploads\/2022\/07\/arabie-8-300x169.jpg 300w, http:\/\/kamel-zouaoui.fr\/wp-content\/uploads\/2022\/07\/arabie-8-230x129.jpg 230w, http:\/\/kamel-zouaoui.fr\/wp-content\/uploads\/2022\/07\/arabie-8-350x197.jpg 350w, http:\/\/kamel-zouaoui.fr\/wp-content\/uploads\/2022\/07\/arabie-8-480x270.jpg 480w, http:\/\/kamel-zouaoui.fr\/wp-content\/uploads\/2022\/07\/arabie-8.jpg 557w\" sizes=\"(max-width: 726px) 100vw, 726px\" \/><\/span><span id=\"u16886-105\"><\/span><\/p>\n<p id=\"u16886-109\">Petit mirage du d\u00e9sert ou effluves de p\u00e9trole.. les tours se d\u00e9doublent &#8230;<\/p>\n<p id=\"u16886-113\"><span id=\"u16886-111\">22 Mars 2016<\/span>\u00a0&#8211; 21:20(Paris) \/ 23:20 (AL khobar)<\/p>\n<p>Les chemins des voyageurs passent souvent par des jolies escales. Ce soir le soleil saoudien s&rsquo;est couch\u00e9 un peu plus tard que d&rsquo;habitude, j&rsquo;ai eu le grand plaisir de retrouver un peu de Kabylie gr\u00e2ce \u00e0 l&rsquo;invitation de Wahid \u00e0 partager sa table aupr\u00e8s de sa famille. Comme au pays, un bon moment de partage et de discussion en simplicit\u00e9, entre ici et l\u2019Alg\u00e9rie, entre conversations sur la triste actualit\u00e9 Belge et le d\u00e9sir d&rsquo;offrir aux enfants les meilleurs chances pour r\u00e9ussir \u00e0 construire demain &#8230; Merci Wahid pour cette belle soir\u00e9e !<\/p>\n<p>&nbsp;<\/p>\n<p id=\"u16886-120\"><span id=\"u16886-118\">23 Mars 2016<\/span>\u00a0&#8211; 14:00(Paris) \/ 16:00 (AL khobar)<\/p>\n<p>Ce matin, les \u00e9l\u00e8ves de Ce1 m&rsquo;attendaient les bras charg\u00e9s de questions..<\/p>\n<p id=\"u16886-128\"><span id=\"u16886-125\">\u200b<img loading=\"lazy\" decoding=\"async\" class=\"alignnone wp-image-534\" src=\"http:\/\/kamel-zouaoui.fr\/wp-content\/uploads\/2022\/07\/arabie-9-300x174.jpg\" alt=\"\" width=\"715\" height=\"415\" srcset=\"http:\/\/kamel-zouaoui.fr\/wp-content\/uploads\/2022\/07\/arabie-9-300x174.jpg 300w, http:\/\/kamel-zouaoui.fr\/wp-content\/uploads\/2022\/07\/arabie-9-230x133.jpg 230w, http:\/\/kamel-zouaoui.fr\/wp-content\/uploads\/2022\/07\/arabie-9-350x203.jpg 350w, http:\/\/kamel-zouaoui.fr\/wp-content\/uploads\/2022\/07\/arabie-9-480x278.jpg 480w, http:\/\/kamel-zouaoui.fr\/wp-content\/uploads\/2022\/07\/arabie-9.jpg 602w\" sizes=\"(max-width: 715px) 100vw, 715px\" \/><\/span><span id=\"u16886-127\"><\/span><\/p>\n<p>&nbsp;<\/p>\n<p id=\"u16886-132\"><span id=\"u16886-130\">23 Mars 2016<\/span>\u00a0&#8211; 23:20(Paris) \/ 01:20(AL khobar)<\/p>\n<p id=\"u16886-135\">Ce soir \u00e0 Al khobar, j&rsquo; ai partag\u00e9 la sc\u00e8ne avec Wahid, qui est aussi parent d &lsquo;\u00e9l\u00e8ves scolaris\u00e9s dans cette \u00e9cole. Nasredine \u00abmoi sage, t&rsquo;es fou!\u00bb a plu aux lyc\u00e9ens et aux parents pr\u00e9sents. C \u00e9tait un beau moment . Cette semaine \u00e9puisante valait vraiment la peine d \u00eatre v\u00e9cue..mais l&rsquo;aventure n est pas finie&#8230;<\/p>\n<p id=\"u16886-138\">Quelques photos de la salle de l ambassadeur et de la \u00ab\u00a0maison des fran\u00e7ais\u00a0\u00bb, au sein du Lyc\u00e9e.<\/p>\n<p id=\"u16886-143\"><span id=\"u16886-140\"><img loading=\"lazy\" decoding=\"async\" class=\"alignnone wp-image-535\" src=\"http:\/\/kamel-zouaoui.fr\/wp-content\/uploads\/2022\/07\/arabie-10-300x159.jpg\" alt=\"\" width=\"736\" height=\"390\" srcset=\"http:\/\/kamel-zouaoui.fr\/wp-content\/uploads\/2022\/07\/arabie-10-300x159.jpg 300w, http:\/\/kamel-zouaoui.fr\/wp-content\/uploads\/2022\/07\/arabie-10-230x122.jpg 230w, http:\/\/kamel-zouaoui.fr\/wp-content\/uploads\/2022\/07\/arabie-10-350x185.jpg 350w, http:\/\/kamel-zouaoui.fr\/wp-content\/uploads\/2022\/07\/arabie-10-480x254.jpg 480w, http:\/\/kamel-zouaoui.fr\/wp-content\/uploads\/2022\/07\/arabie-10.jpg 597w\" sizes=\"(max-width: 736px) 100vw, 736px\" \/> <\/span><\/p>\n<p><span id=\"u16886-140\"><img loading=\"lazy\" decoding=\"async\" class=\"alignnone wp-image-536\" src=\"http:\/\/kamel-zouaoui.fr\/wp-content\/uploads\/2022\/07\/arabie-11-300x169.jpg\" alt=\"\" width=\"733\" height=\"413\" srcset=\"http:\/\/kamel-zouaoui.fr\/wp-content\/uploads\/2022\/07\/arabie-11-300x169.jpg 300w, http:\/\/kamel-zouaoui.fr\/wp-content\/uploads\/2022\/07\/arabie-11-230x129.jpg 230w, http:\/\/kamel-zouaoui.fr\/wp-content\/uploads\/2022\/07\/arabie-11-350x197.jpg 350w, http:\/\/kamel-zouaoui.fr\/wp-content\/uploads\/2022\/07\/arabie-11-480x270.jpg 480w, http:\/\/kamel-zouaoui.fr\/wp-content\/uploads\/2022\/07\/arabie-11.jpg 596w\" sizes=\"(max-width: 733px) 100vw, 733px\" \/><\/span><\/p>\n<p><span id=\"u16886-140\"> <img loading=\"lazy\" decoding=\"async\" class=\"alignnone wp-image-537\" src=\"http:\/\/kamel-zouaoui.fr\/wp-content\/uploads\/2022\/07\/arabie-12-300x168.jpg\" alt=\"\" width=\"732\" height=\"410\" srcset=\"http:\/\/kamel-zouaoui.fr\/wp-content\/uploads\/2022\/07\/arabie-12-300x168.jpg 300w, http:\/\/kamel-zouaoui.fr\/wp-content\/uploads\/2022\/07\/arabie-12-230x129.jpg 230w, http:\/\/kamel-zouaoui.fr\/wp-content\/uploads\/2022\/07\/arabie-12-350x196.jpg 350w, http:\/\/kamel-zouaoui.fr\/wp-content\/uploads\/2022\/07\/arabie-12-480x269.jpg 480w, http:\/\/kamel-zouaoui.fr\/wp-content\/uploads\/2022\/07\/arabie-12.jpg 597w\" sizes=\"(max-width: 732px) 100vw, 732px\" \/><\/span><\/p>\n<p><span id=\"u16886-140\"> <img loading=\"lazy\" decoding=\"async\" class=\"alignnone wp-image-538\" src=\"http:\/\/kamel-zouaoui.fr\/wp-content\/uploads\/2022\/07\/arabie-13-300x85.jpg\" alt=\"\" width=\"734\" height=\"208\" srcset=\"http:\/\/kamel-zouaoui.fr\/wp-content\/uploads\/2022\/07\/arabie-13-300x85.jpg 300w, http:\/\/kamel-zouaoui.fr\/wp-content\/uploads\/2022\/07\/arabie-13-230x65.jpg 230w, http:\/\/kamel-zouaoui.fr\/wp-content\/uploads\/2022\/07\/arabie-13-350x99.jpg 350w, http:\/\/kamel-zouaoui.fr\/wp-content\/uploads\/2022\/07\/arabie-13-480x136.jpg 480w, http:\/\/kamel-zouaoui.fr\/wp-content\/uploads\/2022\/07\/arabie-13.jpg 594w\" sizes=\"(max-width: 734px) 100vw, 734px\" \/>\u200b<\/span><span id=\"u16886-142\"><\/span><\/p>\n<p id=\"u16886-148\"><span id=\"u16886-145\">\u200b<\/span><span id=\"u16886-147\"><\/span><\/p>\n<p id=\"u16886-153\"><span id=\"u16886-150\">\u200b<\/span><span id=\"u16886-152\"><\/span><span id=\"u16886-155\">\u200b<\/span><span id=\"u16886-157\"><\/span><span id=\"u16886-160\">26Mars 2016<\/span>\u00a0&#8211; 12:00(Paris) \/ 14:00 (AL khobar)<\/p>\n<p id=\"u16886-165\">\u00ab Plus tard, des lors que les derni\u00e8res lueurs du village se furent \u00e9vapor\u00e9es dans l&rsquo;horizon , Farouk vit se dessiner sous ses yeux deux lignes: le ciel bleu et infini, le d\u00e9sert sereinement puissant !<\/p>\n<p id=\"u16886-167\">C&rsquo;est une bien belle punition que m&rsquo;impose le Roi , pensa t il !\u00bb<\/p>\n<p id=\"u16886-170\">( In Nasredine, Moi Sage? t&rsquo;es fou!)<\/p>\n<p id=\"u16886-173\">Au revoir Al khobar !<\/p>\n<p id=\"u16886-178\"><span id=\"u16886-175\">\u200b<img loading=\"lazy\" decoding=\"async\" class=\"alignnone wp-image-539\" src=\"http:\/\/kamel-zouaoui.fr\/wp-content\/uploads\/2022\/07\/arabie-14-300x169.jpg\" alt=\"\" width=\"731\" height=\"412\" srcset=\"http:\/\/kamel-zouaoui.fr\/wp-content\/uploads\/2022\/07\/arabie-14-300x169.jpg 300w, http:\/\/kamel-zouaoui.fr\/wp-content\/uploads\/2022\/07\/arabie-14-230x129.jpg 230w, http:\/\/kamel-zouaoui.fr\/wp-content\/uploads\/2022\/07\/arabie-14-350x197.jpg 350w, http:\/\/kamel-zouaoui.fr\/wp-content\/uploads\/2022\/07\/arabie-14-480x270.jpg 480w, http:\/\/kamel-zouaoui.fr\/wp-content\/uploads\/2022\/07\/arabie-14.jpg 591w\" sizes=\"(max-width: 731px) 100vw, 731px\" \/><\/span><span id=\"u16886-177\"><\/span><\/p>\n<p id=\"u16886-181\"><span id=\"u16886-180\">Direction Djeddah<\/span><\/p>\n<p id=\"u16886-186\"><span id=\"u16886-183\">\u200b<img loading=\"lazy\" decoding=\"async\" class=\"alignnone wp-image-540\" src=\"http:\/\/kamel-zouaoui.fr\/wp-content\/uploads\/2022\/07\/arabie-15-300x289.gif\" alt=\"\" width=\"642\" height=\"618\" srcset=\"http:\/\/kamel-zouaoui.fr\/wp-content\/uploads\/2022\/07\/arabie-15-300x289.gif 300w, http:\/\/kamel-zouaoui.fr\/wp-content\/uploads\/2022\/07\/arabie-15-768x739.gif 768w, http:\/\/kamel-zouaoui.fr\/wp-content\/uploads\/2022\/07\/arabie-15-830x799.gif 830w, http:\/\/kamel-zouaoui.fr\/wp-content\/uploads\/2022\/07\/arabie-15-230x221.gif 230w, http:\/\/kamel-zouaoui.fr\/wp-content\/uploads\/2022\/07\/arabie-15-350x337.gif 350w, http:\/\/kamel-zouaoui.fr\/wp-content\/uploads\/2022\/07\/arabie-15-480x462.gif 480w\" sizes=\"(max-width: 642px) 100vw, 642px\" \/>\u00a0<\/span><span id=\"u16886-185\"><\/span><\/p>\n<p id=\"u16886-190\"><span id=\"u16886-188\">23 Mars 2016<\/span>\u00a0&#8211; 14:00(Paris) \/ 15:00(Djeddah)<\/p>\n<p id=\"u16886-193\">Ce matin \u00e0 7h30 heure de Paris , j ai pr\u00e9sent\u00e9 \u00abMoi sage t&rsquo;es fou!\u00bb au petit gymnase du Lyc\u00e9e Fran\u00e7ais de Djeddah&#8230; autre d\u00e9cors, autres rencontres, autre plaisir &#8230;<\/p>\n<p id=\"u16886-196\">Ensuite j ai dirig\u00e9 deux ateliers d \u00e9critures pour des \u00e9l\u00e8ves de 3eme et de 2nde&#8230;.Eh bien , c&rsquo;\u00e9tait super chouette de voir \u00e9merger de nouvelles histoires de l imaginaire de ces \u00e9l\u00e8ves.. \u00ab la lune cach\u00e9e dans la barbe d&rsquo;un g\u00e9ant\u00bb&#8230;\u00ab Delphine \u00e0 la qu\u00eate de quelque chose d&rsquo;essentiel..elle m\u00eame ! \u00bb&#8230;du haut niveau&#8230;<\/p>\n<p id=\"u16886-200\"><span id=\"u16886-198\">23 Mars 2016<\/span>\u00a0&#8211; 22:20(Paris) \/ 23:20(Djeddah)<\/p>\n<p id=\"u16886-203\">Venir en Arabie Saoudite pour assister \u00e0 un concert d&rsquo;Alain Chamfort &#8230; m\u00e9lange des cultures !<\/p>\n<p id=\"u16886-208\"><span id=\"u16886-205\">\u200b<span id=\"u16886-183\"><img loading=\"lazy\" decoding=\"async\" class=\"alignnone wp-image-541\" src=\"http:\/\/kamel-zouaoui.fr\/wp-content\/uploads\/2022\/07\/arabie-16-300x223.jpg\" alt=\"\" width=\"739\" height=\"549\" srcset=\"http:\/\/kamel-zouaoui.fr\/wp-content\/uploads\/2022\/07\/arabie-16-300x223.jpg 300w, http:\/\/kamel-zouaoui.fr\/wp-content\/uploads\/2022\/07\/arabie-16-230x171.jpg 230w, http:\/\/kamel-zouaoui.fr\/wp-content\/uploads\/2022\/07\/arabie-16-350x261.jpg 350w, http:\/\/kamel-zouaoui.fr\/wp-content\/uploads\/2022\/07\/arabie-16-480x358.jpg 480w, http:\/\/kamel-zouaoui.fr\/wp-content\/uploads\/2022\/07\/arabie-16.jpg 592w\" sizes=\"(max-width: 739px) 100vw, 739px\" \/><\/span><\/span><span id=\"u16886-207\"><\/span><\/p>\n<p id=\"u16886-210\">\n<\/div>\n","protected":false},"excerpt":{"rendered":"<p>18 Mars 2016\u00a0&#8211; 23:37 (Paris) \/ 01:37 (AL khobar) Apres 5h21 de vol me voici arriv\u00e9 en Arabie Saoudite, le pays des\u00ab hommes en blancs et des femmes en noirs\u00bb. Apres une rapide escale \u00e0 Riyad, je repris la route des airs pour atterrir 39 minutes plus tard \u00e0 Dammam. \u200b Ensuite c est en [&hellip;]<\/p>\n","protected":false},"author":1,"featured_media":0,"parent":0,"menu_order":0,"comment_status":"closed","ping_status":"closed","template":"","meta":{"footnotes":""},"_links":{"self":[{"href":"http:\/\/kamel-zouaoui.fr\/index.php?rest_route=\/wp\/v2\/pages\/454"}],"collection":[{"href":"http:\/\/kamel-zouaoui.fr\/index.php?rest_route=\/wp\/v2\/pages"}],"about":[{"href":"http:\/\/kamel-zouaoui.fr\/index.php?rest_route=\/wp\/v2\/types\/page"}],"author":[{"embeddable":true,"href":"http:\/\/kamel-zouaoui.fr\/index.php?rest_route=\/wp\/v2\/users\/1"}],"replies":[{"embeddable":true,"href":"http:\/\/kamel-zouaoui.fr\/index.php?rest_route=%2Fwp%2Fv2%2Fcomments&post=454"}],"version-history":[{"count":17,"href":"http:\/\/kamel-zouaoui.fr\/index.php?rest_route=\/wp\/v2\/pages\/454\/revisions"}],"predecessor-version":[{"id":562,"href":"http:\/\/kamel-zouaoui.fr\/index.php?rest_route=\/wp\/v2\/pages\/454\/revisions\/562"}],"wp:attachment":[{"href":"http:\/\/kamel-zouaoui.fr\/index.php?rest_route=%2Fwp%2Fv2%2Fmedia&parent=454"}],"curies":[{"name":"wp","href":"https:\/\/api.w.org\/{rel}","templated":true}]}}