{"id":21,"date":"2019-12-24T15:56:18","date_gmt":"2019-12-24T15:56:18","guid":{"rendered":"http:\/\/www.lesfilsdezouaves.fr\/tst1\/?page_id=21"},"modified":"2022-07-03T17:20:57","modified_gmt":"2022-07-03T17:20:57","slug":"livres","status":"publish","type":"page","link":"http:\/\/kamel-zouaoui.fr\/?page_id=21","title":{"rendered":"Livres"},"content":{"rendered":"\r\n<p>&nbsp;<\/p>\r\n\r\n\r\n\r\n<figure class=\"wp-block-gallery columns-3 is-cropped wp-block-gallery-1 is-layout-flex wp-block-gallery-is-layout-flex\">\r\n<ul class=\"blocks-gallery-grid\">\r\n<li class=\"blocks-gallery-item\">\r\n<figure><img loading=\"lazy\" decoding=\"async\" width=\"192\" height=\"280\" class=\"wp-image-217\" src=\"http:\/\/www.kamel-zouaoui.fr\/wp-content\/uploads\/2019\/12\/livre.jpg\" alt=\"\" data-id=\"217\" data-full-url=\"http:\/\/www.kamel-zouaoui.fr\/wp-content\/uploads\/2019\/12\/livre.jpg\" data-link=\"http:\/\/www.lesfilsdezouaves.fr\/tst1\/livres\/livre\/\" \/><\/figure>\r\n<\/li>\r\n<li class=\"blocks-gallery-item\">\r\n<figure><img loading=\"lazy\" decoding=\"async\" width=\"197\" height=\"282\" class=\"wp-image-218\" src=\"http:\/\/www.kamel-zouaoui.fr\/wp-content\/uploads\/2019\/12\/nouveau.jpg\" alt=\"\" data-id=\"218\" data-full-url=\"http:\/\/www.kamel-zouaoui.fr\/wp-content\/uploads\/2019\/12\/nouveau.jpg\" data-link=\"http:\/\/www.lesfilsdezouaves.fr\/tst1\/livres\/nouveau\/\" \/><\/figure>\r\n<\/li>\r\n<li class=\"blocks-gallery-item\">\r\n<figure><img loading=\"lazy\" decoding=\"async\" width=\"197\" height=\"280\" class=\"wp-image-216\" src=\"http:\/\/www.kamel-zouaoui.fr\/wp-content\/uploads\/2019\/12\/image2017-10-10-111508.jpg\" alt=\"\" data-id=\"216\" data-full-url=\"http:\/\/www.kamel-zouaoui.fr\/wp-content\/uploads\/2019\/12\/image2017-10-10-111508.jpg\" data-link=\"http:\/\/www.lesfilsdezouaves.fr\/tst1\/livres\/image2017-10-10-111508\/\" \/><\/figure>\r\n<\/li>\r\n<\/ul>\r\n<\/figure>\r\n\r\n\r\n\r\n<p>Les \u00e9ditions Tangerines Nights<\/p>\r\n\r\n\r\n\r\n<p>Vous pourrez le commander dans votre librairie pr\u00e9f\u00e9r\u00e9e.<\/p>\r\n\r\n\r\n\r\n<p>Chez l&rsquo;\u00e9diteur : ed.tangerinenights@gmail.com<\/p>\r\n\r\n\r\n\r\n<p>Sur\u00a0<a href=\"https:\/\/www.amazon.fr\/Pas-Sages-dun-Fou\/dp\/B01N2248XR\/ref=sr_1_1?ie=UTF8&amp;qid=1507149096&amp;sr=8-1&amp;keywords=les+pas+sages+d%27un+fou\" target=\"_blank\" rel=\"noreferrer noopener\">AMAZON<\/a><\/p>\r\n\r\n\r\n\r\n<p>Lors des repr\u00e9sentations de Kamel Zouaoui<\/p>\r\n\r\n\r\n\r\n<p>Nasredine le Hodja disponible en Esp\u00e9ranto &#8211;\u00a0<a href=\"http:\/\/www.lesfilsdezouaves.fr\/tst1\/contact\/\">Contact<\/a><\/p>\r\n\r\n\r\n\r\n<p>&nbsp;<\/p>\r\n\r\n\r\n\r\n<p>\u200b<\/p>\r\n\r\n\r\n\r\n<p>&#8211;<\/p>\r\n","protected":false},"excerpt":{"rendered":"<p>&nbsp; Les \u00e9ditions Tangerines Nights Vous pourrez le commander dans votre librairie pr\u00e9f\u00e9r\u00e9e. Chez l&rsquo;\u00e9diteur : ed.tangerinenights@gmail.com Sur\u00a0AMAZON Lors des repr\u00e9sentations de Kamel Zouaoui Nasredine le Hodja disponible en Esp\u00e9ranto &#8211;\u00a0Contact &nbsp; \u200b &#8211;<\/p>\n","protected":false},"author":1,"featured_media":0,"parent":0,"menu_order":0,"comment_status":"closed","ping_status":"closed","template":"","meta":{"footnotes":""},"_links":{"self":[{"href":"http:\/\/kamel-zouaoui.fr\/index.php?rest_route=\/wp\/v2\/pages\/21"}],"collection":[{"href":"http:\/\/kamel-zouaoui.fr\/index.php?rest_route=\/wp\/v2\/pages"}],"about":[{"href":"http:\/\/kamel-zouaoui.fr\/index.php?rest_route=\/wp\/v2\/types\/page"}],"author":[{"embeddable":true,"href":"http:\/\/kamel-zouaoui.fr\/index.php?rest_route=\/wp\/v2\/users\/1"}],"replies":[{"embeddable":true,"href":"http:\/\/kamel-zouaoui.fr\/index.php?rest_route=%2Fwp%2Fv2%2Fcomments&post=21"}],"version-history":[{"count":1,"href":"http:\/\/kamel-zouaoui.fr\/index.php?rest_route=\/wp\/v2\/pages\/21\/revisions"}],"predecessor-version":[{"id":639,"href":"http:\/\/kamel-zouaoui.fr\/index.php?rest_route=\/wp\/v2\/pages\/21\/revisions\/639"}],"wp:attachment":[{"href":"http:\/\/kamel-zouaoui.fr\/index.php?rest_route=%2Fwp%2Fv2%2Fmedia&parent=21"}],"curies":[{"name":"wp","href":"https:\/\/api.w.org\/{rel}","templated":true}]}}