{"id":196,"date":"2019-12-25T20:04:22","date_gmt":"2019-12-25T20:04:22","guid":{"rendered":"http:\/\/www.lesfilsdezouaves.fr\/tst1\/?page_id=196"},"modified":"2019-12-25T20:04:22","modified_gmt":"2019-12-25T20:04:22","slug":"internet","status":"publish","type":"page","link":"http:\/\/kamel-zouaoui.fr\/?page_id=196","title":{"rendered":"Internet"},"content":{"rendered":"\n<p><a href=\"http:\/\/lautreinterview.over-blog.com\/article-kamel-zouaoui.fr-conteur-de-les-pas-sages-d-un-fou-theatre-du-gymnase-37617712.html\" target=\"_blank\" rel=\"noreferrer noopener\">&#8211; 16 Octobre&nbsp; 2009 &#8211; lautreinterview.over-blog.com<\/a><\/p>\n\n\n\n<p><a href=\"http:\/\/www.vitaminedz.org\/-quot-j-aimerai-revenir-plus-souvent-en-algerie-quot-kamel\/Articles_18300_1104629_31_1.html\" target=\"_blank\" rel=\"noreferrer noopener\">&#8211;&nbsp;<\/a><a href=\"http:\/\/www.artistikrezo.com\/spectacle\/critiques\/one-man-show\/les-pas-sages-dun-fou-ou-quelques-aventures-de-nasredine-le-hodja.html\" target=\"_blank\" rel=\"noreferrer noopener\">10 F\u00e9vrier 2010 &#8211; artistikrezo.com<\/a><\/p>\n\n\n\n<p><a href=\"https:\/\/blogs.mediapart.fr\/edition\/les-invisibles-davignon-2011\/article\/170711\/ne-laissez-personne-vous-faire-croire-que-n\" target=\"_blank\" rel=\"noreferrer noopener\">&#8211; 17 Juillet 2011 &#8211; blogs.mediapart.fr<\/a><\/p>\n\n\n\n<p><a href=\"http:\/\/www.vitaminedz.org\/-quot-j-aimerai-revenir-plus-souvent-en-algerie-quot-kamel\/Articles_18300_1104629_31_1.html\" target=\"_blank\" rel=\"noreferrer noopener\">&#8211; 20 Avril 2013 &#8211; vitaminedz.org\/<\/a><\/p>\n\n\n\n<p><a href=\"http:\/\/ruedutheatre.eu\/article\/2237\/les-passages-d-un-fou-ou-quelques-aventures-de-nasredine-le-hodja\/\" target=\"_blank\" rel=\"noreferrer noopener\">&#8211; 30 Juillet 2013 &#8211; Rue du theatre<\/a><\/p>\n\n\n\n<p><a href=\"http:\/\/africultures.com\/des-mots-insouciamment-importants-12873\/?utm_source=newsletter&amp;utm_medium=email&amp;utm_campaign=457\">&#8211; 01 Avril 2015 &#8211; africultures.com<\/a><\/p>\n\n\n\n<p><a href=\"http:\/\/voixsacreesmetz.canalblog.com\/archives\/2016\/03\/14\/33512101.html\">&#8211; 14 Mars 2016 &#8211; Festival des Voix&nbsp;Sacr\u00e9es<\/a><\/p>\n\n\n\n<p><a href=\"https:\/\/soundcloud.com\/user-148380510\/conte-par-kamel-zouaoui.fr\" target=\"_blank\" rel=\"noreferrer noopener\">&#8211; Avril 2017 &#8211; Nairobi KENYA &#8211; Lien 1<\/a><\/p>\n\n\n\n<p><a href=\"https:\/\/soundcloud.com\/user-148380510\/final\" target=\"_blank\" rel=\"noreferrer noopener\">&#8211; Avril 2017 &#8211; Nairobi KENYA &#8211; Lien 2<\/a><\/p>\n\n\n\n<p><a href=\"http:\/\/www.rfi.fr\/emission\/20170615-culture-rock-the-kasbah-institut-cultures-islam\" target=\"_blank\" rel=\"noreferrer noopener\">&#8211; Juin 2017 &#8211; RFI &#8211; Rendez-vous Culture &#8211; Rock the Kasbah<\/a><\/p>\n\n\n\n<p><a href=\"http:\/\/contes.blog.lemonde.fr\/2019\/02\/09\/avec-kamel-zouaoui.fr-la-plongee-au-coeur-de-lhumain-se-poursuit-au-mandapa\/?fbclid=IwAR26kP5nv_41-EM6DEveEqyttGkXo1KB7Z1CeR2csILBJcC4S1XZnf2lfYQ\" target=\"_blank\" rel=\"noreferrer noopener\">&#8211; 09 F\u00e9vrier 2019 &#8211; L&rsquo;Arbre aux contes &#8211; Avec Kamel Zouaoui, la plong\u00e9e au c\u0153ur de l\u2019humain se poursuit au Mandapa<\/a><\/p>\n\n\n\n<figure class=\"wp-block-embed-youtube wp-block-embed is-type-video is-provider-youtube wp-embed-aspect-4-3 wp-has-aspect-ratio\"><div class=\"wp-block-embed__wrapper\">\n<iframe loading=\"lazy\" title=\"Kamel zouaoui   Entrevista a un cuentacuentos\" width=\"1170\" height=\"878\" src=\"https:\/\/www.youtube.com\/embed\/3kYHqHbe5ss?feature=oembed\" frameborder=\"0\" allow=\"accelerometer; autoplay; encrypted-media; gyroscope; picture-in-picture\" allowfullscreen><\/iframe>\n<\/div><\/figure>\n\n\n\n<figure class=\"wp-block-embed-youtube wp-block-embed is-type-video is-provider-youtube wp-embed-aspect-16-9 wp-has-aspect-ratio\"><div class=\"wp-block-embed__wrapper\">\n<iframe loading=\"lazy\" title=\"Interview du conteur et com\u00e9dien Kamel Zouaoui\" width=\"1170\" height=\"658\" src=\"https:\/\/www.youtube.com\/embed\/l7tLAUDs0W4?feature=oembed\" frameborder=\"0\" allow=\"accelerometer; autoplay; encrypted-media; gyroscope; picture-in-picture\" allowfullscreen><\/iframe>\n<\/div><\/figure>\n\n\n\n<figure class=\"wp-block-embed-youtube wp-block-embed is-type-video is-provider-youtube wp-embed-aspect-16-9 wp-has-aspect-ratio\"><div class=\"wp-block-embed__wrapper\">\n<iframe loading=\"lazy\" title=\"AVIGN&#039;ON   AVIGN&#039;OFF\" width=\"1170\" height=\"658\" src=\"https:\/\/www.youtube.com\/embed\/K6zHNC21bIo?feature=oembed\" frameborder=\"0\" allow=\"accelerometer; autoplay; encrypted-media; gyroscope; picture-in-picture\" allowfullscreen><\/iframe>\n<\/div><\/figure>\n","protected":false},"excerpt":{"rendered":"<p>&#8211; 16 Octobre&nbsp; 2009 &#8211; lautreinterview.over-blog.com &#8211;&nbsp;10 F\u00e9vrier 2010 &#8211; artistikrezo.com &#8211; 17 Juillet 2011 &#8211; blogs.mediapart.fr &#8211; 20 Avril 2013 &#8211; vitaminedz.org\/ &#8211; 30 Juillet 2013 &#8211; Rue du theatre &#8211; 01 Avril 2015 &#8211; africultures.com &#8211; 14 Mars 2016 &#8211; Festival des Voix&nbsp;Sacr\u00e9es &#8211; Avril 2017 &#8211; Nairobi KENYA &#8211; Lien 1 &#8211; [&hellip;]<\/p>\n","protected":false},"author":1,"featured_media":0,"parent":0,"menu_order":0,"comment_status":"closed","ping_status":"closed","template":"","meta":{"footnotes":""},"_links":{"self":[{"href":"http:\/\/kamel-zouaoui.fr\/index.php?rest_route=\/wp\/v2\/pages\/196"}],"collection":[{"href":"http:\/\/kamel-zouaoui.fr\/index.php?rest_route=\/wp\/v2\/pages"}],"about":[{"href":"http:\/\/kamel-zouaoui.fr\/index.php?rest_route=\/wp\/v2\/types\/page"}],"author":[{"embeddable":true,"href":"http:\/\/kamel-zouaoui.fr\/index.php?rest_route=\/wp\/v2\/users\/1"}],"replies":[{"embeddable":true,"href":"http:\/\/kamel-zouaoui.fr\/index.php?rest_route=%2Fwp%2Fv2%2Fcomments&post=196"}],"version-history":[{"count":0,"href":"http:\/\/kamel-zouaoui.fr\/index.php?rest_route=\/wp\/v2\/pages\/196\/revisions"}],"wp:attachment":[{"href":"http:\/\/kamel-zouaoui.fr\/index.php?rest_route=%2Fwp%2Fv2%2Fmedia&parent=196"}],"curies":[{"name":"wp","href":"https:\/\/api.w.org\/{rel}","templated":true}]}}