{"id":100,"date":"2019-12-25T17:47:14","date_gmt":"2019-12-25T17:47:14","guid":{"rendered":"http:\/\/www.lesfilsdezouaves.fr\/tst1\/?page_id=100"},"modified":"2022-07-04T20:47:59","modified_gmt":"2022-07-04T20:47:59","slug":"regarde-plutot-la-mer","status":"publish","type":"page","link":"http:\/\/kamel-zouaoui.fr\/?page_id=100","title":{"rendered":"Regarde Plut\u00f4t la mer"},"content":{"rendered":"\r\n<p><a href=\"https:\/\/www.youtube.com\/watch?v=PL8n7pA0SR8\" target=\"_blank\" rel=\"noreferrer noopener\">Teaser<\/a><\/p>\r\n\r\n\r\n\r\n\r\n\r\n<p>Hugo est n\u00e9 dans le quartier du Panier \u00e0 Marseille, \u00e2g\u00e9 de 23 ans il est \u00e9tudiant en sciences humaines \u00e0 l&rsquo;universit\u00e9 de Marseille- Provence. Son p\u00e8re s&rsquo;appelle Mouloud et sa m\u00e8re, Denise.<\/p>\r\n\r\n\r\n\r\n<p>Chaque fois qu\u2019un \u00e9v\u00e9nement culturel ou sportif est organis\u00e9 entre la France et l\u2019Alg\u00e9rie, Hugo a pour habitude de le c\u00e9l\u00e9brer, en courant dans les rues du Panier, arm\u00e9 du drapeau fran\u00e7ais dans la main gauche et du drapeau alg\u00e9rien dans celle de droite en hurlant : \u00a0\u00bb J&rsquo;ai gagn\u00e9 !!!\u00a0\u00bb<\/p>\r\n\r\n\r\n\r\n<p>En qu\u00eate de ses origines paternelles, il se d\u00e9cide \u00e0 faire son premier voyage vers l\u2019Alg\u00e9rie, \u00e0 la d\u00e9couverte de ses racines, un bout de lui qu&rsquo;il ne connait pas.<\/p>\r\n\r\n\r\n\r\n<p>D\u00e9termin\u00e9, il d\u00e9cide de faire la travers\u00e9e en bateau, le \u00ab\u00a0El Djazair 2 \u00ab\u00a0, pour donner du temps \u00e0 son voyage. Sur le pont principal du bateau, entre chien et loup, au milieu de la M\u00e9diterran\u00e9e, Hugo va rencontrer M\u00e9rouane. Un \u00e9change initiatique s\u2019engage. Hugo ne le sais pas encore, mais sa vie vient de changer&#8230;<\/p>\r\n\r\n\r\n\r\n<p>Dans ce conte \u00e0 tiroirs, Kamel Zouaoui compile les nouvelles histoires d&rsquo;exils qu&rsquo;il a compos\u00e9es \u00e0 l&rsquo;occasion de sa reconnexion avec l\u2019Alg\u00e9rie, son pays d&rsquo;origine.<\/p>\r\n\r\n\r\n\r\n<p>Lors de ses multiples d\u00e9placements sur le c\u00f4t\u00e9 \u00ab\u00a0Sud de la Rue M\u00e9diterran\u00e9e\u00a0\u00bb, il a laiss\u00e9 monter en lui ces histoires \u00e0 la fois dr\u00f4le et discr\u00e8tement universelles !<\/p>\r\n\r\n\r\n\r\n<p>\u00a0Ce conte est compos\u00e9 des histoires suivantes :<\/p>\r\n\r\n\r\n\r\n<p>&#8211; Hugo et Merouane\u00a0\u00a0\u00a0\u00a0\u00a0\u00a0\u00a0\u00a0\u00a0\u00a0\u00a0\u00a0\u00a0\u00a0\u00a0\u00a0 &#8211; Secret de Mineur\u00a0\u00a0\u00a0\u00a0\u00a0\u00a0\u00a0\u00a0\u00a0\u00a0\u00a0\u00a0\u00a0\u00a0 &#8211; \u00a0\u00bb L&rsquo;odeur du Couscous\u00a0\u00bb<\/p>\r\n\r\n\r\n\r\n<p>&#8211; \u00a0\u00bb Ce n&rsquo;est qu&rsquo;un pret \u00ab\u00a0<\/p>\r\n","protected":false},"excerpt":{"rendered":"<p>Teaser Hugo est n\u00e9 dans le quartier du Panier \u00e0 Marseille, \u00e2g\u00e9 de 23 ans il est \u00e9tudiant en sciences humaines \u00e0 l&rsquo;universit\u00e9 de Marseille- Provence. Son p\u00e8re s&rsquo;appelle Mouloud et sa m\u00e8re, Denise. Chaque fois qu\u2019un \u00e9v\u00e9nement culturel ou sportif est organis\u00e9 entre la France et l\u2019Alg\u00e9rie, Hugo a pour habitude de le c\u00e9l\u00e9brer, [&hellip;]<\/p>\n","protected":false},"author":1,"featured_media":0,"parent":0,"menu_order":0,"comment_status":"closed","ping_status":"closed","template":"","meta":{"footnotes":""},"_links":{"self":[{"href":"http:\/\/kamel-zouaoui.fr\/index.php?rest_route=\/wp\/v2\/pages\/100"}],"collection":[{"href":"http:\/\/kamel-zouaoui.fr\/index.php?rest_route=\/wp\/v2\/pages"}],"about":[{"href":"http:\/\/kamel-zouaoui.fr\/index.php?rest_route=\/wp\/v2\/types\/page"}],"author":[{"embeddable":true,"href":"http:\/\/kamel-zouaoui.fr\/index.php?rest_route=\/wp\/v2\/users\/1"}],"replies":[{"embeddable":true,"href":"http:\/\/kamel-zouaoui.fr\/index.php?rest_route=%2Fwp%2Fv2%2Fcomments&post=100"}],"version-history":[{"count":1,"href":"http:\/\/kamel-zouaoui.fr\/index.php?rest_route=\/wp\/v2\/pages\/100\/revisions"}],"predecessor-version":[{"id":641,"href":"http:\/\/kamel-zouaoui.fr\/index.php?rest_route=\/wp\/v2\/pages\/100\/revisions\/641"}],"wp:attachment":[{"href":"http:\/\/kamel-zouaoui.fr\/index.php?rest_route=%2Fwp%2Fv2%2Fmedia&parent=100"}],"curies":[{"name":"wp","href":"https:\/\/api.w.org\/{rel}","templated":true}]}}